{"id":614787,"date":"2022-05-03T20:57:08","date_gmt":"2022-05-04T00:57:08","guid":{"rendered":"https:\/\/bayeight.com\/politicas\/"},"modified":"2024-04-12T17:26:41","modified_gmt":"2024-04-12T21:26:41","slug":"politicas","status":"publish","type":"page","link":"https:\/\/bayeight.com\/es\/politicas\/","title":{"rendered":"Pol\u00edticas"},"content":{"rendered":"<p>[et_pb_section fb_built=\u00bb1&#8243; custom_padding_last_edited=\u00bbon|phone\u00bb next_background_color=\u00bb#0D0806&#8243; module_class=\u00bbhas-gradient top-to-bottom primary-black sm-fade\u00bb _builder_version=\u00bb4.24.2&#8243; _module_preset=\u00bbdefault\u00bb background_image=\u00bbhttps:\/\/bayeight.com\/wp-content\/uploads\/2022\/08\/Untitled_1.31.1.jpg\u00bb parallax=\u00bbon\u00bb background_enable_video_mp4=\u00bboff\u00bb min_height_tablet=\u00bb750px\u00bb min_height_phone=\u00bb750px\u00bb min_height_last_edited=\u00bboff|desktop\u00bb custom_padding=\u00bb15%||8%||false|false\u00bb custom_padding_tablet=\u00bb10%||15%||false|false\u00bb custom_padding_phone=\u00bb45%||30%||false|false\u00bb bottom_divider_style=\u00bbslant2&#8243; bottom_divider_flip=\u00bbhorizontal\u00bb bottom_divider_arrangement=\u00bbabove_content\u00bb locked=\u00bboff\u00bb global_colors_info=\u00bb{}\u00bb][et_pb_row _builder_version=\u00bb4.24.0&#8243; _module_preset=\u00bbdefault\u00bb custom_padding=\u00bb||0px||false|false\u00bb global_colors_info=\u00bb{}\u00bb][et_pb_column type=\u00bb4_4&#8243; _builder_version=\u00bb4.16.0&#8243; _module_preset=\u00bbdefault\u00bb global_colors_info=\u00bb{}\u00bb][et_pb_text module_id=\u00bbhistory_heading\u00bb _builder_version=\u00bb4.24.2&#8243; _module_preset=\u00bbdefault\u00bb text_font=\u00bb|||on|||||\u00bb text_font_size=\u00bb25px\u00bb header_font=\u00bbIntegral CF &#8211; extra bold||||||||\u00bb header_font_size=\u00bb60px\u00bb custom_margin=\u00bb0px||||false|false\u00bb custom_padding=\u00bb5px||||false|false\u00bb header_font_size_tablet=\u00bb61px\u00bb header_font_size_phone=\u00bb40px\u00bb header_font_size_last_edited=\u00bbon|phone\u00bb header_text_shadow_style=\u00bbpreset5&#8243; global_colors_info=\u00bb{}\u00bb]<\/p>\n<h1 class=\"white hdng1\">Pol\u00edticas<\/h1>\n<p>[\/et_pb_text][\/et_pb_column][\/et_pb_row][\/et_pb_section][et_pb_section fb_built=\u00bb1&#8243; custom_padding_last_edited=\u00bboff|desktop\u00bb _builder_version=\u00bb4.24.2&#8243; _module_preset=\u00bbdefault\u00bb background_color=\u00bb#0D0806&#8243; custom_padding_tablet=\u00bb40px||40px||true|false\u00bb custom_padding_phone=\u00bb20px||20px||true|false\u00bb global_module=\u00bb612895&#8243; global_colors_info=\u00bb{}\u00bb][et_pb_row _builder_version=\u00bb4.17.6&#8243; _module_preset=\u00bbdefault\u00bb width=\u00bb60%\u00bb width_tablet=\u00bb70%\u00bb width_phone=\u00bb80%\u00bb width_last_edited=\u00bbon|tablet\u00bb custom_padding=\u00bb||||true|false\u00bb global_colors_info=\u00bb{}\u00bb][et_pb_column type=\u00bb4_4&#8243; _builder_version=\u00bb4.17.6&#8243; _module_preset=\u00bbdefault\u00bb global_colors_info=\u00bb{}\u00bb][et_pb_text _builder_version=\u00bb4.24.2&#8243; _module_preset=\u00bbdefault\u00bb text_font=\u00bb|||on|||||\u00bb text_font_size=\u00bb44px\u00bb header_font=\u00bbIntegral CF &#8211; extra bold||||||||\u00bb header_text_color=\u00bb#FFFFFF\u00bb header_font_size=\u00bb60px\u00bb header_letter_spacing=\u00bb1px\u00bb header_line_height=\u00bb0.7em\u00bb header_2_font=\u00bbIntegral CF &#8211; extra bold||||||||\u00bb header_2_text_align=\u00bbcenter\u00bb text_orientation=\u00bbcenter\u00bb width=\u00bb100%\u00bb min_height=\u00bb19px\u00bb custom_margin=\u00bb||||true|false\u00bb custom_padding=\u00bb||||false|false\u00bb text_font_size_tablet=\u00bb44px\u00bb text_font_size_phone=\u00bb44px\u00bb text_font_size_last_edited=\u00bbon|phone\u00bb header_font_size_tablet=\u00bb63px\u00bb header_font_size_phone=\u00bb40px\u00bb header_font_size_last_edited=\u00bbon|phone\u00bb locked=\u00bboff\u00bb global_colors_info=\u00bb{}\u00bb]<\/p>\n<h2 class=\"white hdng2\">Nuestro estudio<br \/><span class=\"outline-invert\">Pol\u00edticas de alquiler<\/span><\/h2>\n<p>[\/et_pb_text][et_pb_text _builder_version=\u00bb4.24.2&#8243; _module_preset=\u00bbdefault\u00bb text_font=\u00bb|600|||||||\u00bb text_font_size=\u00bb16px\u00bb text_orientation=\u00bbcenter\u00bb background_layout=\u00bbdark\u00bb width_tablet=\u00bb\u00bb width_phone=\u00bb\u00bb width_last_edited=\u00bbon|desktop\u00bb module_alignment=\u00bbcenter\u00bb custom_margin=\u00bb||||false|false\u00bb custom_margin_tablet=\u00bb|0px||50px|false|false\u00bb custom_margin_phone=\u00bb|0px||0px|false|false\u00bb custom_margin_last_edited=\u00bboff|desktop\u00bb locked=\u00bboff\u00bb global_colors_info=\u00bb{}\u00bb]<\/p>\n<p>Nuestro objetivo en Bay Eight es ofrecerte la experiencia de grabaci\u00f3n m\u00e1s exclusiva y de mayor calidad. Para que podamos garantizar la comodidad y accesibilidad a todos nuestros clientes, es importante que todos los invitados se adhieran a las pol\u00edticas de nuestro estudio de grabaci\u00f3n.<\/p>\n<p>[\/et_pb_text][et_pb_accordion open_toggle_text_color=\u00bbgcid-20c734ca-1d73-456f-ad47-a425afc4f43e\u00bb icon_color=\u00bb#FF1097&#8243; module_class=\u00bbb8_bullets  secondary-orange right-arrow\u00bb _builder_version=\u00bb4.24.2&#8243; _module_preset=\u00bbdefault\u00bb toggle_text_color=\u00bb#0D0806&#8243; body_text_color=\u00bbgcid-48ace756-fd87-4f07-88c4-f05eab0123e3&#8243; body_font_size_tablet=\u00bb\u00bb body_font_size_phone=\u00bb15px\u00bb body_font_size_last_edited=\u00bbon|phone\u00bb body_line_height_tablet=\u00bb\u00bb body_line_height_phone=\u00bb1.5em\u00bb body_line_height_last_edited=\u00bbon|phone\u00bb border_radii=\u00bbon|20px|20px|20px|20px\u00bb global_colors_info=\u00bb{%22gcid-20c734ca-1d73-456f-ad47-a425afc4f43e%22:%91%22open_toggle_text_color%22%93,%22gcid-48ace756-fd87-4f07-88c4-f05eab0123e3%22:%91%22body_text_color%22%93}\u00bb][et_pb_accordion_item title=\u00bbPol\u00edtica de cancelaci\u00f3n\u00bb open=\u00bbon\u00bb _builder_version=\u00bb4.24.2&#8243; _module_preset=\u00bbdefault\u00bb global_colors_info=\u00bb{}\u00bb]<\/p>\n<p>Las cancelaciones efectuadas despu\u00e9s del plazo de 24 horas dar\u00e1n lugar a una tasa de cancelaci\u00f3n igual al importe total del tiempo de estudio programado o a la p\u00e9rdida del dep\u00f3sito\/prepago. El tiempo de estudio incluye todos los servicios adicionales, alquiler de equipos y mejoras solicitados e incluidos en el momento de la reserva. No ofrecemos reembolsos por cancelaciones realizadas antes del plazo de 24 horas. El pago efectuado en el momento de la reserva se mantendr\u00e1 como cr\u00e9dito durante seis meses. Todas las ventas son definitivas. Su reserva supone la aceptaci\u00f3n de las pol\u00edticas y normas de nuestro estudio.<\/p>\n<p>[\/et_pb_accordion_item][et_pb_accordion_item title=\u00bbPol\u00edtica de reprogramaci\u00f3n\u00bb _builder_version=\u00bb4.24.2&#8243; _module_preset=\u00bbdefault\u00bb global_colors_info=\u00bb{}\u00bb open=\u00bboff\u00bb]<\/p>\n<p>S\u00f3lo podr\u00e1 reprogramar su sesi\u00f3n una vez. La reprogramaci\u00f3n de las sesiones despu\u00e9s del cambio inicial conllevar\u00e1 el pago de una tarifa igual al importe total del tiempo de estudio programado o la p\u00e9rdida del dep\u00f3sito\/prepago. El tiempo de estudio incluye todos los servicios adicionales, alquiler de equipos y mejoras solicitados e incluidos en el momento de la reserva. de dep\u00f3sito\/pago anticipado. No ofrecemos reembolsos en las sesiones reprogramadas antes del plazo de 24 horas. El pago efectuado en el momento de la reserva se mantendr\u00e1 como cr\u00e9dito durante seis meses. En caso de que el cliente finalice la sesi\u00f3n antes de tiempo, perder\u00e1 el tiempo restante de la sesi\u00f3n. No acreditamos el tiempo restante para futuras sesiones. Todas las ventas son definitivas. Su reserva supone la aceptaci\u00f3n de las pol\u00edticas y normas de nuestro estudio.<\/p>\n<p>[\/et_pb_accordion_item][et_pb_accordion_item title=\u00bbPol\u00edtica de ausencias\u00bb _builder_version=\u00bb4.24.2&#8243; _module_preset=\u00bbdefault\u00bb global_colors_info=\u00bb{}\u00bb open=\u00bboff\u00bb]<\/p>\n<p>Una \u00abfalta a una cita\u00bb es el hecho de que alguien no se presente a una cita y no anule la cita antes de la fecha y hora previstas. Si no se presenta a su cita y no la cancela con 24 horas de antelaci\u00f3n, la registraremos como \u00abcita perdida\u00bb y se le cobrar\u00e1 una tarifa igual al total del tiempo de estudio programado o la p\u00e9rdida del dep\u00f3sito\/prepago. El tiempo de estudio incluye todos los servicios adicionales, alquiler de equipos y mejoras solicitados e incluidos en el momento de la reserva. Su reserva supone la aceptaci\u00f3n de las pol\u00edticas y normas de nuestro estudio.  <\/p>\n<p>[\/et_pb_accordion_item][et_pb_accordion_item title=\u00bbPagos y tasas\u00bb _builder_version=\u00bb4.24.2&#8243; _module_preset=\u00bbdefault\u00bb global_colors_info=\u00bb{}\u00bb open=\u00bboff\u00bb]<\/p>\n<p>Aceptamos \u00f3rdenes de pago de las principales marcas, ACH, efectivo, Cashapp, Venmo, Zelle, transferencias bancarias de Apple Pay y tarjetas de cr\u00e9dito\/d\u00e9bito. Al pagar con tarjeta, el titular, la tarjeta de cr\u00e9dito\/d\u00e9bito y el documento de identidad con fotograf\u00eda deben estar f\u00edsicamente presentes en el momento de la sesi\u00f3n para verificar que todos los datos coinciden. NO SE ACEPTAR\u00c1 una foto de ninguno de los tres. Las transferencias nacionales tienen un coste de 15,00 $. Las transferencias internacionales tienen un coste de 25,00 $. Los recibos s\u00f3lo est\u00e1n disponibles en un plazo de 30 d\u00edas a partir de la fecha de la sesi\u00f3n. No nos hacemos responsables de proporcionar recibos de transacciones realizadas pasados 30 d\u00edas de la fecha de la sesi\u00f3n. Todos los recibos deben ser solicitados por el cliente en el momento de la sesi\u00f3n o en los 30 d\u00edas siguientes a la misma. Si es necesario, se cobrar\u00e1 una tasa de 65 $ por el seguimiento posterior del recibo. Todas las ventas son definitivas. Su reserva supone la aceptaci\u00f3n de las pol\u00edticas y normas de nuestro estudio.  <\/p>\n<p>[\/et_pb_accordion_item][et_pb_accordion_item title=\u00bbDep\u00f3sitos\u00bb _builder_version=\u00bb4.24.2&#8243; _module_preset=\u00bbdefault\u00bb global_colors_info=\u00bb{}\u00bb open=\u00bboff\u00bb]<\/p>\n<p>Se requiere un dep\u00f3sito del 60% del total para reservar la sesi\u00f3n programada. El saldo restante deber\u00e1 abonarse a la llegada, antes del inicio de la sesi\u00f3n. A su llegada, los beneficiarios deber\u00e1n presentar un documento de identidad v\u00e1lido con fotograf\u00eda junto con la tarjeta de cr\u00e9dito utilizada para el pago. El documento de identidad debe coincidir con el nombre que figura en la tarjeta utilizada para los pagos de ingresos\/saldo. Si la persona que ha efectuado el pago no asiste o no tiene un documento de identidad, se perder\u00e1 el dep\u00f3sito a menos que se proporcione un m\u00e9todo alternativo de pago. No se aceptar\u00e1n como prueba v\u00e1lida fotos del DNI, de la tarjeta y\/o del titular de la tarjeta. Todas las ventas son definitivas. Su reserva supone la aceptaci\u00f3n de las pol\u00edticas y normas de nuestro estudio.  <\/p>\n<p>[\/et_pb_accordion_item][et_pb_accordion_item title=\u00bbSu sesi\u00f3n\u00bb _builder_version=\u00bb4.24.2&#8243; _module_preset=\u00bbdefault\u00bb global_colors_info=\u00bb{}\u00bb open=\u00bboff\u00bb]<\/p>\n<p>Le rogamos que llegue puntualmente a su sesi\u00f3n, ya que no aplazamos las sesiones por retraso. Si se presenta tarde a la sesi\u00f3n, se le cobrar\u00e1 igualmente la jornada completa programada. Si abandona la sesi\u00f3n programada antes de la hora de finalizaci\u00f3n, perder\u00e1 el tiempo restante y el importe abonado. No prorrogamos ni abonamos pagos ni tiempo de estudio por salir antes de tiempo. Su reserva supone la aceptaci\u00f3n de las pol\u00edticas y normas de nuestro estudio.  <\/p>\n<p>[\/et_pb_accordion_item][et_pb_accordion_item title=\u00bbSus invitados\u00bb _builder_version=\u00bb4.24.2&#8243; _module_preset=\u00bbdefault\u00bb global_colors_info=\u00bb{}\u00bb open=\u00bboff\u00bb]<\/p>\n<p>  Hay un m\u00e1ximo de 10 hu\u00e9spedes permitidos en nuestro SSL Room y 5-7 en nuestro Apollo y Whisper Room. NO SE ADMITEN NI\u00d1OS NI ANIMALES DE COMPA\u00d1\u00cdA EN NUESTRAS INSTALACIONES. Le facilitaremos una lista de invitados para que la rellene a su llegada. A cualquier invitado adicional se le pedir\u00e1 que abandone las instalaciones. Su reserva supone la aceptaci\u00f3n de las pol\u00edticas y normas de nuestro estudio.  <\/p>\n<p>[\/et_pb_accordion_item][et_pb_accordion_item title=\u00bbSus archivos\u00bb _builder_version=\u00bb4.24.2&#8243; _module_preset=\u00bbdefault\u00bb global_colors_info=\u00bb{}\u00bb open=\u00bboff\u00bb]<\/p>\n<p>No nos hacemos responsables de sus archivos de sesi\u00f3n. Por favor, solicite a su ingeniero que haga tiempo para que sus archivos sean enviados durante la hora reservada. Deben especificarse los archivos solicitados. Para futuras transferencias de archivos m\u00e1s all\u00e1 del tiempo reservado se requiere el pago de una tasa de 85 d\u00f3lares. Por tu privacidad y seguridad, prohibimos a nuestros ingenieros de sonido realizar ediciones o revisiones adicionales de tus canciones una vez finalizada la sesi\u00f3n de pago. Su reserva supone la aceptaci\u00f3n de las pol\u00edticas y normas de nuestro estudio.  <\/p>\n<p>[\/et_pb_accordion_item][\/et_pb_accordion][\/et_pb_column][\/et_pb_row][\/et_pb_section]<\/p>\n","protected":false},"excerpt":{"rendered":"<p>Pol\u00edticasNuestro estudioPol\u00edticas de alquilerNuestro objetivo en Bay Eight es ofrecerte la experiencia de grabaci\u00f3n m\u00e1s exclusiva y de mayor calidad. Para que podamos garantizar la comodidad y accesibilidad a todos [&hellip;]<\/p>\n","protected":false},"author":1,"featured_media":0,"parent":0,"menu_order":0,"comment_status":"closed","ping_status":"closed","template":"","meta":{"_acf_changed":false,"_et_pb_use_builder":"on","_et_pb_old_content":"","_et_gb_content_width":"","content-type":"","footnotes":""},"class_list":["post-614787","page","type-page","status-publish","hentry"],"acf":[],"yoast_head":"<!-- This site is optimized with the Yoast SEO Premium plugin v27.3 (Yoast SEO v27.3) - https:\/\/yoast.com\/product\/yoast-seo-premium-wordpress\/ -->\n<title>Pol\u00edticas | Estudios de Grabaci\u00f3n Bay Eight Miami<\/title>\n<meta name=\"robots\" content=\"index, follow, max-snippet:-1, max-image-preview:large, max-video-preview:-1\" \/>\n<link rel=\"canonical\" href=\"https:\/\/bayeight.com\/es\/politicas\/\" \/>\n<meta property=\"og:locale\" content=\"es_ES\" \/>\n<meta property=\"og:type\" content=\"article\" \/>\n<meta property=\"og:title\" content=\"Pol\u00edticas\" \/>\n<meta property=\"og:description\" content=\"Pol\u00edticasNuestro estudioPol\u00edticas de alquilerNuestro objetivo en Bay Eight es ofrecerte la experiencia de grabaci\u00f3n m\u00e1s exclusiva y de mayor calidad. Para que podamos garantizar la comodidad y accesibilidad a todos [&hellip;]\" \/>\n<meta property=\"og:site_name\" content=\"Estudios de Grabaci\u00f3n Bay Eight Miami\" \/>\n<meta property=\"article:publisher\" content=\"https:\/\/www.facebook.com\/bayeight\" \/>\n<meta property=\"article:modified_time\" content=\"2024-04-12T21:26:41+00:00\" \/>\n<meta name=\"twitter:card\" content=\"summary_large_image\" \/>\n<meta name=\"twitter:site\" content=\"@bayeightmia\" \/>\n<meta name=\"twitter:label1\" content=\"Tiempo de lectura\" \/>\n\t<meta name=\"twitter:data1\" content=\"9 minutos\" \/>\n<script type=\"application\/ld+json\" class=\"yoast-schema-graph\">{\"@context\":\"https:\\\/\\\/schema.org\",\"@graph\":[{\"@type\":\"WebPage\",\"@id\":\"https:\\\/\\\/bayeight.com\\\/es\\\/politicas\\\/\",\"url\":\"https:\\\/\\\/bayeight.com\\\/es\\\/politicas\\\/\",\"name\":\"Pol\u00edticas | Estudios de Grabaci\u00f3n Bay Eight Miami\",\"isPartOf\":{\"@id\":\"https:\\\/\\\/bayeight.com\\\/es\\\/#website\"},\"datePublished\":\"2022-05-04T00:57:08+00:00\",\"dateModified\":\"2024-04-12T21:26:41+00:00\",\"breadcrumb\":{\"@id\":\"https:\\\/\\\/bayeight.com\\\/es\\\/politicas\\\/#breadcrumb\"},\"inLanguage\":\"es\",\"potentialAction\":[{\"@type\":\"ReadAction\",\"target\":[\"https:\\\/\\\/bayeight.com\\\/es\\\/politicas\\\/\"]}]},{\"@type\":\"BreadcrumbList\",\"@id\":\"https:\\\/\\\/bayeight.com\\\/es\\\/politicas\\\/#breadcrumb\",\"itemListElement\":[{\"@type\":\"ListItem\",\"position\":1,\"name\":\"Inicio\",\"item\":\"https:\\\/\\\/bayeight.com\\\/es\\\/el-estudio-de-grabacion-mas-emblematico-de-miami-3\\\/\"},{\"@type\":\"ListItem\",\"position\":2,\"name\":\"Pol\u00edticas\"}]},{\"@type\":\"WebSite\",\"@id\":\"https:\\\/\\\/bayeight.com\\\/es\\\/#website\",\"url\":\"https:\\\/\\\/bayeight.com\\\/es\\\/\",\"name\":\"Bay Eight Recording Studios Miami\",\"description\":\"El Ic\u00f3nico Estudio de Grabaci\u00f3n de Miami\",\"publisher\":{\"@id\":\"https:\\\/\\\/bayeight.com\\\/es\\\/#organization\"},\"potentialAction\":[{\"@type\":\"SearchAction\",\"target\":{\"@type\":\"EntryPoint\",\"urlTemplate\":\"https:\\\/\\\/bayeight.com\\\/es\\\/?s={search_term_string}\"},\"query-input\":{\"@type\":\"PropertyValueSpecification\",\"valueRequired\":true,\"valueName\":\"search_term_string\"}}],\"inLanguage\":\"es\"},{\"@type\":[\"Organization\",\"Place\"],\"@id\":\"https:\\\/\\\/bayeight.com\\\/es\\\/#organization\",\"name\":\"Bay Eight Recording Studios\",\"alternateName\":\"Bay Eight Studios\",\"url\":\"https:\\\/\\\/bayeight.com\\\/es\\\/\",\"logo\":{\"@id\":\"https:\\\/\\\/bayeight.com\\\/es\\\/politicas\\\/#local-main-organization-logo\"},\"image\":{\"@id\":\"https:\\\/\\\/bayeight.com\\\/es\\\/politicas\\\/#local-main-organization-logo\"},\"sameAs\":[\"https:\\\/\\\/www.facebook.com\\\/bayeight\",\"https:\\\/\\\/x.com\\\/bayeightmia\",\"https:\\\/\\\/www.instagram.com\\\/bayeight\",\"https:\\\/\\\/www.tiktok.com\\\/bayeightstudios\"],\"telephone\":[],\"openingHoursSpecification\":{\"@type\":\"OpeningHoursSpecification\",\"dayOfWeek\":[\"Monday\",\"Tuesday\",\"Wednesday\",\"Thursday\",\"Friday\",\"Saturday\",\"Sunday\"],\"opens\":\"00:00\",\"closes\":\"23:59\"}},{\"@type\":\"ImageObject\",\"inLanguage\":\"es\",\"@id\":\"https:\\\/\\\/bayeight.com\\\/es\\\/politicas\\\/#local-main-organization-logo\",\"url\":\"https:\\\/\\\/bayeight.com\\\/wp-content\\\/uploads\\\/2022\\\/05\\\/DSC01643_1.jpg\",\"contentUrl\":\"https:\\\/\\\/bayeight.com\\\/wp-content\\\/uploads\\\/2022\\\/05\\\/DSC01643_1.jpg\",\"width\":2768,\"height\":1848,\"caption\":\"Bay Eight Recording Studios\"}]}<\/script>\n<!-- \/ Yoast SEO Premium plugin. -->","yoast_head_json":{"title":"Pol\u00edticas | Estudios de Grabaci\u00f3n Bay Eight Miami","robots":{"index":"index","follow":"follow","max-snippet":"max-snippet:-1","max-image-preview":"max-image-preview:large","max-video-preview":"max-video-preview:-1"},"canonical":"https:\/\/bayeight.com\/es\/politicas\/","og_locale":"es_ES","og_type":"article","og_title":"Pol\u00edticas","og_description":"Pol\u00edticasNuestro estudioPol\u00edticas de alquilerNuestro objetivo en Bay Eight es ofrecerte la experiencia de grabaci\u00f3n m\u00e1s exclusiva y de mayor calidad. Para que podamos garantizar la comodidad y accesibilidad a todos [&hellip;]","og_site_name":"Estudios de Grabaci\u00f3n Bay Eight Miami","article_publisher":"https:\/\/www.facebook.com\/bayeight","article_modified_time":"2024-04-12T21:26:41+00:00","twitter_card":"summary_large_image","twitter_site":"@bayeightmia","twitter_misc":{"Tiempo de lectura":"9 minutos"},"schema":{"@context":"https:\/\/schema.org","@graph":[{"@type":"WebPage","@id":"https:\/\/bayeight.com\/es\/politicas\/","url":"https:\/\/bayeight.com\/es\/politicas\/","name":"Pol\u00edticas | Estudios de Grabaci\u00f3n Bay Eight Miami","isPartOf":{"@id":"https:\/\/bayeight.com\/es\/#website"},"datePublished":"2022-05-04T00:57:08+00:00","dateModified":"2024-04-12T21:26:41+00:00","breadcrumb":{"@id":"https:\/\/bayeight.com\/es\/politicas\/#breadcrumb"},"inLanguage":"es","potentialAction":[{"@type":"ReadAction","target":["https:\/\/bayeight.com\/es\/politicas\/"]}]},{"@type":"BreadcrumbList","@id":"https:\/\/bayeight.com\/es\/politicas\/#breadcrumb","itemListElement":[{"@type":"ListItem","position":1,"name":"Inicio","item":"https:\/\/bayeight.com\/es\/el-estudio-de-grabacion-mas-emblematico-de-miami-3\/"},{"@type":"ListItem","position":2,"name":"Pol\u00edticas"}]},{"@type":"WebSite","@id":"https:\/\/bayeight.com\/es\/#website","url":"https:\/\/bayeight.com\/es\/","name":"Bay Eight Recording Studios Miami","description":"El Ic\u00f3nico Estudio de Grabaci\u00f3n de Miami","publisher":{"@id":"https:\/\/bayeight.com\/es\/#organization"},"potentialAction":[{"@type":"SearchAction","target":{"@type":"EntryPoint","urlTemplate":"https:\/\/bayeight.com\/es\/?s={search_term_string}"},"query-input":{"@type":"PropertyValueSpecification","valueRequired":true,"valueName":"search_term_string"}}],"inLanguage":"es"},{"@type":["Organization","Place"],"@id":"https:\/\/bayeight.com\/es\/#organization","name":"Bay Eight Recording Studios","alternateName":"Bay Eight Studios","url":"https:\/\/bayeight.com\/es\/","logo":{"@id":"https:\/\/bayeight.com\/es\/politicas\/#local-main-organization-logo"},"image":{"@id":"https:\/\/bayeight.com\/es\/politicas\/#local-main-organization-logo"},"sameAs":["https:\/\/www.facebook.com\/bayeight","https:\/\/x.com\/bayeightmia","https:\/\/www.instagram.com\/bayeight","https:\/\/www.tiktok.com\/bayeightstudios"],"telephone":[],"openingHoursSpecification":{"@type":"OpeningHoursSpecification","dayOfWeek":["Monday","Tuesday","Wednesday","Thursday","Friday","Saturday","Sunday"],"opens":"00:00","closes":"23:59"}},{"@type":"ImageObject","inLanguage":"es","@id":"https:\/\/bayeight.com\/es\/politicas\/#local-main-organization-logo","url":"https:\/\/bayeight.com\/wp-content\/uploads\/2022\/05\/DSC01643_1.jpg","contentUrl":"https:\/\/bayeight.com\/wp-content\/uploads\/2022\/05\/DSC01643_1.jpg","width":2768,"height":1848,"caption":"Bay Eight Recording Studios"}]}},"_links":{"self":[{"href":"https:\/\/bayeight.com\/es\/wp-json\/wp\/v2\/pages\/614787","targetHints":{"allow":["GET"]}}],"collection":[{"href":"https:\/\/bayeight.com\/es\/wp-json\/wp\/v2\/pages"}],"about":[{"href":"https:\/\/bayeight.com\/es\/wp-json\/wp\/v2\/types\/page"}],"author":[{"embeddable":true,"href":"https:\/\/bayeight.com\/es\/wp-json\/wp\/v2\/users\/1"}],"replies":[{"embeddable":true,"href":"https:\/\/bayeight.com\/es\/wp-json\/wp\/v2\/comments?post=614787"}],"version-history":[{"count":0,"href":"https:\/\/bayeight.com\/es\/wp-json\/wp\/v2\/pages\/614787\/revisions"}],"wp:attachment":[{"href":"https:\/\/bayeight.com\/es\/wp-json\/wp\/v2\/media?parent=614787"}],"curies":[{"name":"wp","href":"https:\/\/api.w.org\/{rel}","templated":true}]}}