{"id":614703,"date":"2024-01-23T13:29:31","date_gmt":"2024-01-23T18:29:31","guid":{"rendered":"https:\/\/bayeight.com\/politica-de-privacidad\/"},"modified":"2024-04-12T17:12:40","modified_gmt":"2024-04-12T21:12:40","slug":"politica-de-privacidad","status":"publish","type":"page","link":"https:\/\/bayeight.com\/es\/politica-de-privacidad\/","title":{"rendered":"Pol\u00edtica de privacidad"},"content":{"rendered":"<p>[et_pb_section fb_built=\u00bb1&#8243; admin_label=\u00bbsection\u00bb module_class=\u00bbhas-gradient top-to-bottom bottom-to-top primary-black lg-fade\u00bb _builder_version=\u00bb4.24.0&#8243; background_color=\u00bb#0D0806&#8243; background_image=\u00bbhttps:\/\/bayeight.com\/wp-content\/uploads\/2024\/01\/lg-waves-2.jpg\u00bb parallax=\u00bbon\u00bb parallax_method=\u00bboff\u00bb z_index=\u00bb0&#8243; custom_padding=\u00bb190px|||||\u00bb global_colors_info=\u00bb{}\u00bb][et_pb_row column_structure=\u00bb1_4,3_4&#8243; use_custom_gutter=\u00bbon\u00bb gutter_width=\u00bb2&#8243; admin_label=\u00bbfila\u00bb _builder_version=\u00bb4.24.0&#8243; background_color=\u00bb#FFFFFF\u00bb background_size=\u00bbinitial\u00bb background_position=\u00bbtop_left\u00bb background_repeat=\u00bbrepeat\u00bb width=\u00bb86%\u00bb max_width=\u00bb1400px\u00bb custom_padding=\u00bb40px|45px|40px|45px|true|true\u00bb border_radii=\u00bbon|32px|32px|32px|32px\u00bb global_colors_info=\u00bb{}\u00bb][et_pb_column type=\u00bb1_4&#8243; _builder_version=\u00bb4.16&#8243; custom_padding=\u00bb|||\u00bb global_colors_info=\u00bb{}\u00bb custom_padding__hover=\u00bb|||\u00bb][pac_divi_table_of_contents exclude_headings_by_class=\u00bbon\u00bb included_headings=\u00bbon|on|on|on|off|off\u00bb spacing_above_heading=\u00bb130px\u00bb level_markers_1=\u00bbicons\u00bb icon_marker_1=\u00bb\ue03c||divi||400&#8243; level_markers_2=\u00bbicons\u00bb level_markers_3=\u00bbicons\u00bb icon_marker_3=\u00bb5||divi||400&#8243; level_markers_4=\u00bbnone\u00bb indent_amount_4=\u00bb21px\u00bb title_container_bg_color=\u00bb#FF1097&#8243; body_area_height=\u00bb680px\u00bb body_area_text_link_underline=\u00bb#FF1097&#8243; disabled_on=\u00bbon|on|off\u00bb _builder_version=\u00bb4.24.0&#8243; _module_preset=\u00bbdefault\u00bb marker1_text_color=\u00bb#0D0806&#8243; sticky_position=\u00bbtop\u00bb sticky_offset_top=\u00bb130px\u00bb locked=\u00bboff\u00bb global_colors_info=\u00bb{}\u00bb][\/pac_divi_table_of_contents][\/et_pb_column][et_pb_column type=\u00bb3_4&#8243; _builder_version=\u00bb4.16&#8243; custom_padding=\u00bb|||\u00bb global_colors_info=\u00bb{}\u00bb custom_padding__hover=\u00bb|||\u00bb][et_pb_text admin_label=\u00bbText\u00bb _builder_version=\u00bb4.24.0&#8243; header_font_size=\u00bb3em\u00bb background_size=\u00bbinitial\u00bb background_position=\u00bbtop_left\u00bb background_repeat=\u00bbrepeat\u00bb global_colors_info=\u00bb{}\u00bb]<\/p>\n<h1>Pol\u00edtica de privacidad<\/h1>\n<p>Fecha de entrada en vigor: 23 de enero de 2024<\/p>\n<p>En Bay Eight Studios, accesible desde https:\/\/bayeight.com\/, una de nuestras principales prioridades es la privacidad de nuestros visitantes. Este documento de Pol\u00edtica de privacidad contiene los tipos de informaci\u00f3n que recoge y registra Bay Eight Studios y c\u00f3mo la utilizamos.<\/p>\n<p>Si tiene m\u00e1s preguntas o necesita m\u00e1s informaci\u00f3n sobre nuestra Pol\u00edtica de Privacidad, no dude en ponerse en contacto con nosotros.<\/p>\n<h2>Recogida de informaci\u00f3n<\/h2>\n<p>Recogemos informaci\u00f3n personal cuando usted interact\u00faa con nuestro sitio web. Esto incluye:<\/p>\n<ul>\n<li>Direcciones de correo electr\u00f3nico: Recopiladas cuando se suscribe a boletines informativos, se pone en contacto con nosotros o participa en actividades similares.<\/li>\n<li>N\u00fameros de tel\u00e9fono: Recopilados para el servicio de atenci\u00f3n al cliente, consultas de soporte o cuando usted lo facilite de otro modo.<\/li>\n<li>Datos de navegaci\u00f3n: Utilizamos Google Analytics para comprender c\u00f3mo utiliza nuestro Sitio Web y mejorar la experiencia del usuario. Esto puede incluir informaci\u00f3n sobre su dispositivo, navegador, direcci\u00f3n IP y comportamiento de navegaci\u00f3n.<\/li>\n<\/ul>\n<h2>Cookies y balizas web<\/h2>\n<p>Como cualquier otro sitio web, Bay Eight Studios utiliza \u00abcookies\u00bb. Estas cookies se utilizan para almacenar informaci\u00f3n, incluidas las preferencias de los visitantes y las p\u00e1ginas del sitio web a las que el visitante accedi\u00f3 o visit\u00f3. La informaci\u00f3n se utiliza para optimizar la experiencia de los usuarios personalizando el contenido de nuestra p\u00e1gina web en funci\u00f3n del tipo de navegador de los visitantes y\/u otra informaci\u00f3n.<\/p>\n<h2>Cookie DART de DoubleClick de Google<\/h2>\n<p>Google es uno de los proveedores externos de nuestro sitio. Tambi\u00e9n utiliza cookies, conocidas como cookies DART, para ofrecer anuncios a los visitantes de nuestro sitio en funci\u00f3n de su visita a www.website.com y a otros sitios de Internet. Sin embargo, los visitantes pueden optar por rechazar el uso de cookies de DART visitando la Pol\u00edtica de privacidad de la red de anuncios y contenidos de Google en la siguiente URL &#8211; <a href=\"https:\/\/policies.google.com\/technologies\/ads\">https:\/\/policies.google.com\/technologies\/ads<\/a><\/p>\n<h2>Uso de la informaci\u00f3n recogida<\/h2>\n<p>La informaci\u00f3n que recogemos se utiliza para los siguientes fines:<\/p>\n<ul>\n<li>Para prestar y mejorar nuestros servicios.<\/li>\n<li>Para comunicarnos con usted sobre actualizaciones, ofertas o consultas.<\/li>\n<li>Para analizar el uso y las tendencias del sitio web a trav\u00e9s de Google Analytics.<\/li>\n<\/ul>\n<h2>Intercambio y divulgaci\u00f3n de datos<\/h2>\n<p>No vendemos ni alquilamos sus datos personales a terceros. Sin embargo, podemos compartir informaci\u00f3n con:<\/p>\n<p>Proveedores de servicios que nos ayudan a gestionar nuestro sitio web.<\/p>\n<p>Autoridades legales cuando as\u00ed lo exija la ley o para proteger los derechos y la seguridad de Bay Eight Studios y sus usuarios.<\/p>\n<h2>Seguridad<\/h2>\n<p>Aplicamos medidas de seguridad razonables para proteger sus datos contra el acceso no autorizado, la alteraci\u00f3n o el uso no autorizado.<br \/>destrucci\u00f3n. Sin embargo, ning\u00fan sitio de Internet puede ser 100% seguro, por lo que no podemos garantizar una seguridad absoluta.<\/p>\n<h2>Sus opciones y derechos<\/h2>\n<p>Usted tiene ciertos derechos en relaci\u00f3n con su informaci\u00f3n personal, incluido el derecho a acceder a sus datos, corregirlos o eliminarlos. Tambi\u00e9n puede darse de baja de nuestros boletines o comunicaciones de marketing en cualquier momento.<\/p>\n<h2>Contacte con nosotros<\/h2>\n<p>Si tiene alguna pregunta sobre esta Pol\u00edtica de privacidad, p\u00f3ngase en contacto con nosotros en:<\/p>\n<p><strong>Formulario de contacto:<\/strong> <a href=\"https:\/\/bayeight.com\/contact\/\">https:\/\/bayeight.com\/contact\/<\/a><br \/><strong>Correo electr\u00f3nico<\/strong> <a href=\"mailto:contact@bayeight.com\">contact@bayeight.com<\/a><\/p>\n<p><strong>Correo:<br \/><\/strong>Palm Pheon Music Publishing LLC<br \/>DBA BAY EIGHT STUDIOS<br \/>15421 W Dixie Hwy Bah\u00eda 8<br \/>N Miami Beach FL 33162<\/p>\n<h2>Consentimiento<\/h2>\n<p>Al utilizar nuestro sitio web, usted acepta nuestra Pol\u00edtica de Privacidad y est\u00e1 de acuerdo con sus T\u00e9rminos y Condiciones.<\/p>\n<h2>Pol\u00edticas de privacidad de terceros<\/h2>\n<p>Los servidores de anuncios de terceros o las redes de anuncios utilizan tecnolog\u00edas como cookies, JavaScript o Web Beacons que se utilizan en sus respectivos anuncios y enlaces que aparecen en Bay Eight Studios, que se env\u00edan directamente al navegador de los usuarios. Cuando esto ocurre, reciben autom\u00e1ticamente su direcci\u00f3n IP. Estas tecnolog\u00edas se utilizan para medir la eficacia de sus campa\u00f1as publicitarias y\/o personalizar el contenido publicitario que usted ve en los sitios web que visita.<\/p>\n<p>Tenga en cuenta que Bay Eight Studios no tiene acceso ni control sobre estas cookies que son utilizadas por terceros anunciantes.<\/p>\n<p>La pol\u00edtica de privacidad de Bay Eight Studios no se aplica a otros anunciantes o sitios web. Por lo tanto, le aconsejamos que consulte las respectivas pol\u00edticas de privacidad de estos servidores de anuncios de terceros para obtener informaci\u00f3n m\u00e1s detallada. Puede incluir sus pr\u00e1cticas e instrucciones sobre c\u00f3mo excluirse de determinadas opciones.<\/p>\n<p>Puede optar por desactivar las cookies a trav\u00e9s de las opciones individuales de su navegador. Para conocer informaci\u00f3n m\u00e1s detallada sobre la gesti\u00f3n de cookies con navegadores web espec\u00edficos, puede consultar las p\u00e1ginas web respectivas de los navegadores. \u00bfQu\u00e9 son las cookies?<\/p>\n<h2>Informaci\u00f3n infantil<\/h2>\n<p>Otra parte de nuestra prioridad es a\u00f1adir protecci\u00f3n para los ni\u00f1os en el uso de Internet. Animamos a los padres y tutores a que observen, participen y\/o supervisen y gu\u00eden su actividad en Internet.<\/p>\n<p>Bay Eight Studios no recopila intencionadamente ninguna Informaci\u00f3n de identificaci\u00f3n personal de ni\u00f1os menores de 13 a\u00f1os. Si cree que su hijo ha facilitado este tipo de informaci\u00f3n en nuestro sitio web, le recomendamos encarecidamente que se ponga en contacto con nosotros inmediatamente y haremos todo lo posible por eliminar r\u00e1pidamente dicha informaci\u00f3n de nuestros registros.<\/p>\n<h2>Cambios en esta pol\u00edtica de privacidad<\/h2>\n<p>Podemos actualizar esta Pol\u00edtica de Privacidad de vez en cuando. Le notificaremos cualquier cambio publicando la nueva Pol\u00edtica de Privacidad en esta p\u00e1gina. Le recomendamos que revise peri\u00f3dicamente esta Pol\u00edtica de Privacidad para comprobar si se han producido cambios.<\/p>\n<h2>Pol\u00edtica de privacidad en l\u00ednea<\/h2>\n<p>Esta Pol\u00edtica de Privacidad se aplica \u00fanicamente a nuestras actividades en l\u00ednea y es v\u00e1lida para los visitantes de nuestro sitio web con respecto a la informaci\u00f3n que compartieron y\/o recopilaron en Bay Eight Studios. Esta pol\u00edtica no es aplicable a ninguna informaci\u00f3n recopilada fuera de l\u00ednea o a trav\u00e9s de canales distintos de este sitio web.<\/p>\n<p>[\/et_pb_text][\/et_pb_column][\/et_pb_row][\/et_pb_section]<\/p>\n","protected":false},"excerpt":{"rendered":"<p><div class=\"et_pb_module pac_divi_table_of_contents pac_divi_table_of_contents_0 et_pb_sticky_module\">\n\t\t\t\t\n\t\t\t\t\n\t\t\t\t\n\t\t\t\t\n\t\t\t\t\n\t\t\t\t\n\t\t\t\t<div class=\"et_pb_module_inner\">\n\t\t\t\t\t\n        <div class=\"pac_dtoc_main_container\"\n        data-allow_collapse_minimize=\"on\"\n        data-allow_collapse_minimize_tablet=\"on\"\n        data-allow_collapse_minimize_phone=\"on\"\n        data-ss=\"2000\"\n        data-sah=\"130\"\n        data-collapse_when_sticky=\"off\"\n        data-collapse_when_sticky_tablet=\"off\"\n        data-collapse_when_sticky_phone=\"off\"\n        data-skh=\"off\"\n        data-mtocai=\"off\"\n        data-mtocai_tablet=\"off\"\n        data-mtocai_phone=\"off\"\n        data-alh=\"off\"\n        data-ds=\"open\"\n        data-dst=\"open\"\n        data-dsp=\"open\">\n            <div class=\"pac_dtoc_title_area click_on click_tablet_on click_phone_on\">\n                <div role=\"heading\" aria-level=\"2\" id=\"pac_dtocm_title\" class=\"pac_dtoc_title\">Table of Contents<\/div>\n                \n                <div class=\"pac_dtoc_icon_responsive\">\n                    <div class=\"pac_dtoc_opened_icon\">2<\/div>\n                    <div class=\"pac_dtoc_closed_icon\">3<\/div>\n                <\/div>\n                \n            <\/div>\n            <div role=\"navigation\" aria-labelledby=\"pac_dtocm_title\" class=\"pac_dtoc_body_area inside\">\n                \n                <div class='divi_table_of_contents' role=\"tree\" ><\/div>\n            <\/div>\n        <\/div>\n        \n\t\t\t\t<\/div>\n\t\t\t<\/div>Pol\u00edtica de privacidad Fecha de entrada en vigor: 23 [&hellip;]<\/p>\n","protected":false},"author":24,"featured_media":0,"parent":0,"menu_order":0,"comment_status":"closed","ping_status":"closed","template":"","meta":{"_acf_changed":false,"_et_pb_use_builder":"on","_et_pb_old_content":"","_et_gb_content_width":"","content-type":"","footnotes":""},"class_list":["post-614703","page","type-page","status-publish","hentry"],"acf":[],"yoast_head":"<!-- This site is optimized with the Yoast SEO Premium plugin v27.5 (Yoast SEO v27.5) - https:\/\/yoast.com\/product\/yoast-seo-premium-wordpress\/ -->\n<title>Pol\u00edtica de privacidad | Estudios de Grabaci\u00f3n Bay Eight Miami<\/title>\n<meta name=\"description\" content=\"Este documento de Pol\u00edtica de privacidad contiene los tipos de informaci\u00f3n que recoge y registra Bay Eight Studios y c\u00f3mo la utilizamos.\" \/>\n<meta name=\"robots\" content=\"index, follow, max-snippet:-1, max-image-preview:large, max-video-preview:-1\" \/>\n<link rel=\"canonical\" href=\"https:\/\/bayeight.com\/es\/politica-de-privacidad\/\" \/>\n<meta property=\"og:locale\" content=\"es_ES\" \/>\n<meta property=\"og:type\" content=\"article\" \/>\n<meta property=\"og:title\" content=\"Pol\u00edtica de privacidad Estudios de Grabaci\u00f3n Bay Eight Miami\" \/>\n<meta property=\"og:description\" content=\"Pol\u00edtica de privacidad Estudios de Grabaci\u00f3n Bay Eight Miami\" \/>\n<meta property=\"og:site_name\" content=\"Estudios de Grabaci\u00f3n Bay Eight Miami\" \/>\n<meta property=\"article:publisher\" content=\"https:\/\/www.facebook.com\/bayeight\" \/>\n<meta property=\"article:modified_time\" content=\"2024-04-12T21:12:40+00:00\" \/>\n<meta property=\"og:image\" content=\"https:\/\/bayeight.com\/wp-content\/uploads\/2026\/05\/Bay-Eight-Logo-rescaled.png\" \/>\n\t<meta property=\"og:image:width\" content=\"965\" \/>\n\t<meta property=\"og:image:height\" content=\"764\" \/>\n\t<meta property=\"og:image:type\" content=\"image\/png\" \/>\n<meta name=\"twitter:card\" content=\"summary_large_image\" \/>\n<meta name=\"twitter:site\" content=\"@bayeightmia\" \/>\n<meta name=\"twitter:label1\" content=\"Tiempo de lectura\" \/>\n\t<meta name=\"twitter:data1\" content=\"7 minutos\" \/>\n<script type=\"application\/ld+json\" class=\"yoast-schema-graph\">{\"@context\":\"https:\\\/\\\/schema.org\",\"@graph\":[{\"@type\":\"WebPage\",\"@id\":\"https:\\\/\\\/bayeight.com\\\/es\\\/politica-de-privacidad\\\/\",\"url\":\"https:\\\/\\\/bayeight.com\\\/es\\\/politica-de-privacidad\\\/\",\"name\":\"Pol\u00edtica de privacidad | Estudios de Grabaci\u00f3n Bay Eight Miami\",\"isPartOf\":{\"@id\":\"https:\\\/\\\/bayeight.com\\\/es\\\/#website\"},\"datePublished\":\"2024-01-23T18:29:31+00:00\",\"dateModified\":\"2024-04-12T21:12:40+00:00\",\"description\":\"Este documento de Pol\u00edtica de privacidad contiene los tipos de informaci\u00f3n que recoge y registra Bay Eight Studios y c\u00f3mo la utilizamos.\",\"breadcrumb\":{\"@id\":\"https:\\\/\\\/bayeight.com\\\/es\\\/politica-de-privacidad\\\/#breadcrumb\"},\"inLanguage\":\"es\",\"potentialAction\":[{\"@type\":\"ReadAction\",\"target\":[\"https:\\\/\\\/bayeight.com\\\/es\\\/politica-de-privacidad\\\/\"]}]},{\"@type\":\"BreadcrumbList\",\"@id\":\"https:\\\/\\\/bayeight.com\\\/es\\\/politica-de-privacidad\\\/#breadcrumb\",\"itemListElement\":[{\"@type\":\"ListItem\",\"position\":1,\"name\":\"Inicio\",\"item\":\"https:\\\/\\\/bayeight.com\\\/es\\\/el-estudio-de-grabacion-mas-emblematico-de-miami-3\\\/\"},{\"@type\":\"ListItem\",\"position\":2,\"name\":\"Pol\u00edtica de privacidad\"}]},{\"@type\":\"WebSite\",\"@id\":\"https:\\\/\\\/bayeight.com\\\/es\\\/#website\",\"url\":\"https:\\\/\\\/bayeight.com\\\/es\\\/\",\"name\":\"Bay Eight Recording Studios Miami\",\"description\":\"El Ic\u00f3nico Estudio de Grabaci\u00f3n de Miami\",\"publisher\":{\"@id\":\"https:\\\/\\\/bayeight.com\\\/es\\\/#organization\"},\"potentialAction\":[{\"@type\":\"SearchAction\",\"target\":{\"@type\":\"EntryPoint\",\"urlTemplate\":\"https:\\\/\\\/bayeight.com\\\/es\\\/?s={search_term_string}\"},\"query-input\":{\"@type\":\"PropertyValueSpecification\",\"valueRequired\":true,\"valueName\":\"search_term_string\"}}],\"inLanguage\":\"es\"},{\"@type\":[\"Organization\",\"Place\"],\"@id\":\"https:\\\/\\\/bayeight.com\\\/es\\\/#organization\",\"name\":\"Bay Eight Recording Studios\",\"alternateName\":\"Bay Eight Studios\",\"url\":\"https:\\\/\\\/bayeight.com\\\/es\\\/\",\"logo\":{\"@id\":\"https:\\\/\\\/bayeight.com\\\/es\\\/politica-de-privacidad\\\/#local-main-organization-logo\"},\"image\":{\"@id\":\"https:\\\/\\\/bayeight.com\\\/es\\\/politica-de-privacidad\\\/#local-main-organization-logo\"},\"sameAs\":[\"https:\\\/\\\/www.facebook.com\\\/bayeight\",\"https:\\\/\\\/x.com\\\/bayeightmia\",\"https:\\\/\\\/www.instagram.com\\\/bayeight\",\"https:\\\/\\\/www.tiktok.com\\\/bayeightstudios\"],\"description\":\"Bay Eight Recording Studios is Miami's premier Grammy award-winning recording studio, located in North Miami Beach and open 24 hours a day, 7 days a week. Home to over 99 hit records and trusted by the world's biggest artists \u2014 including NAS, Ed Sheeran, J Balvin, Lil Wayne, Diplo, Swae Lee, Kodak Black, Chris Brown, and Offset \u2014 Bay Eight offers an unmatched creative environment built for serious musicians, producers, and engineers. The studio features three professionally designed rooms: the SSL Room, the Apollo Room, and the Whisper Room, each equipped with top-of-the-line acoustics, high-performance speakers, and industry-leading gear. Bay Eight provides a full suite of music services including studio rental, mixing, mastering, music production, and voiceover and ADR recording, all delivered by RIAA-certified platinum audio engineers. Whether you are a major label artist, an independent musician, or a brand looking for world-class audio production, Bay Eight Recording Studios delivers the precision, privacy, and premium sound quality that only a Grammy-winning facility can provide.\",\"telephone\":[],\"openingHoursSpecification\":{\"@type\":\"OpeningHoursSpecification\",\"dayOfWeek\":[\"Monday\",\"Tuesday\",\"Wednesday\",\"Thursday\",\"Friday\",\"Saturday\",\"Sunday\"],\"opens\":\"00:00\",\"closes\":\"23:59\"}},{\"@type\":\"ImageObject\",\"inLanguage\":\"es\",\"@id\":\"https:\\\/\\\/bayeight.com\\\/es\\\/politica-de-privacidad\\\/#local-main-organization-logo\",\"url\":\"https:\\\/\\\/bayeight.com\\\/wp-content\\\/uploads\\\/2022\\\/05\\\/DSC01643_1.jpg\",\"contentUrl\":\"https:\\\/\\\/bayeight.com\\\/wp-content\\\/uploads\\\/2022\\\/05\\\/DSC01643_1.jpg\",\"width\":2768,\"height\":1848,\"caption\":\"Bay Eight Recording Studios\"}]}<\/script>\n<!-- \/ Yoast SEO Premium plugin. -->","yoast_head_json":{"title":"Pol\u00edtica de privacidad | Estudios de Grabaci\u00f3n Bay Eight Miami","description":"Este documento de Pol\u00edtica de privacidad contiene los tipos de informaci\u00f3n que recoge y registra Bay Eight Studios y c\u00f3mo la utilizamos.","robots":{"index":"index","follow":"follow","max-snippet":"max-snippet:-1","max-image-preview":"max-image-preview:large","max-video-preview":"max-video-preview:-1"},"canonical":"https:\/\/bayeight.com\/es\/politica-de-privacidad\/","og_locale":"es_ES","og_type":"article","og_title":"Pol\u00edtica de privacidad Estudios de Grabaci\u00f3n Bay Eight Miami","og_description":"Pol\u00edtica de privacidad Estudios de Grabaci\u00f3n Bay Eight Miami","og_site_name":"Estudios de Grabaci\u00f3n Bay Eight Miami","article_publisher":"https:\/\/www.facebook.com\/bayeight","article_modified_time":"2024-04-12T21:12:40+00:00","og_image":[{"width":965,"height":764,"url":"https:\/\/bayeight.com\/wp-content\/uploads\/2026\/05\/Bay-Eight-Logo-rescaled.png","type":"image\/png"}],"twitter_card":"summary_large_image","twitter_site":"@bayeightmia","twitter_misc":{"Tiempo de lectura":"7 minutos"},"schema":{"@context":"https:\/\/schema.org","@graph":[{"@type":"WebPage","@id":"https:\/\/bayeight.com\/es\/politica-de-privacidad\/","url":"https:\/\/bayeight.com\/es\/politica-de-privacidad\/","name":"Pol\u00edtica de privacidad | Estudios de Grabaci\u00f3n Bay Eight Miami","isPartOf":{"@id":"https:\/\/bayeight.com\/es\/#website"},"datePublished":"2024-01-23T18:29:31+00:00","dateModified":"2024-04-12T21:12:40+00:00","description":"Este documento de Pol\u00edtica de privacidad contiene los tipos de informaci\u00f3n que recoge y registra Bay Eight Studios y c\u00f3mo la utilizamos.","breadcrumb":{"@id":"https:\/\/bayeight.com\/es\/politica-de-privacidad\/#breadcrumb"},"inLanguage":"es","potentialAction":[{"@type":"ReadAction","target":["https:\/\/bayeight.com\/es\/politica-de-privacidad\/"]}]},{"@type":"BreadcrumbList","@id":"https:\/\/bayeight.com\/es\/politica-de-privacidad\/#breadcrumb","itemListElement":[{"@type":"ListItem","position":1,"name":"Inicio","item":"https:\/\/bayeight.com\/es\/el-estudio-de-grabacion-mas-emblematico-de-miami-3\/"},{"@type":"ListItem","position":2,"name":"Pol\u00edtica de privacidad"}]},{"@type":"WebSite","@id":"https:\/\/bayeight.com\/es\/#website","url":"https:\/\/bayeight.com\/es\/","name":"Bay Eight Recording Studios Miami","description":"El Ic\u00f3nico Estudio de Grabaci\u00f3n de Miami","publisher":{"@id":"https:\/\/bayeight.com\/es\/#organization"},"potentialAction":[{"@type":"SearchAction","target":{"@type":"EntryPoint","urlTemplate":"https:\/\/bayeight.com\/es\/?s={search_term_string}"},"query-input":{"@type":"PropertyValueSpecification","valueRequired":true,"valueName":"search_term_string"}}],"inLanguage":"es"},{"@type":["Organization","Place"],"@id":"https:\/\/bayeight.com\/es\/#organization","name":"Bay Eight Recording Studios","alternateName":"Bay Eight Studios","url":"https:\/\/bayeight.com\/es\/","logo":{"@id":"https:\/\/bayeight.com\/es\/politica-de-privacidad\/#local-main-organization-logo"},"image":{"@id":"https:\/\/bayeight.com\/es\/politica-de-privacidad\/#local-main-organization-logo"},"sameAs":["https:\/\/www.facebook.com\/bayeight","https:\/\/x.com\/bayeightmia","https:\/\/www.instagram.com\/bayeight","https:\/\/www.tiktok.com\/bayeightstudios"],"description":"Bay Eight Recording Studios is Miami's premier Grammy award-winning recording studio, located in North Miami Beach and open 24 hours a day, 7 days a week. Home to over 99 hit records and trusted by the world's biggest artists \u2014 including NAS, Ed Sheeran, J Balvin, Lil Wayne, Diplo, Swae Lee, Kodak Black, Chris Brown, and Offset \u2014 Bay Eight offers an unmatched creative environment built for serious musicians, producers, and engineers. The studio features three professionally designed rooms: the SSL Room, the Apollo Room, and the Whisper Room, each equipped with top-of-the-line acoustics, high-performance speakers, and industry-leading gear. Bay Eight provides a full suite of music services including studio rental, mixing, mastering, music production, and voiceover and ADR recording, all delivered by RIAA-certified platinum audio engineers. Whether you are a major label artist, an independent musician, or a brand looking for world-class audio production, Bay Eight Recording Studios delivers the precision, privacy, and premium sound quality that only a Grammy-winning facility can provide.","telephone":[],"openingHoursSpecification":{"@type":"OpeningHoursSpecification","dayOfWeek":["Monday","Tuesday","Wednesday","Thursday","Friday","Saturday","Sunday"],"opens":"00:00","closes":"23:59"}},{"@type":"ImageObject","inLanguage":"es","@id":"https:\/\/bayeight.com\/es\/politica-de-privacidad\/#local-main-organization-logo","url":"https:\/\/bayeight.com\/wp-content\/uploads\/2022\/05\/DSC01643_1.jpg","contentUrl":"https:\/\/bayeight.com\/wp-content\/uploads\/2022\/05\/DSC01643_1.jpg","width":2768,"height":1848,"caption":"Bay Eight Recording Studios"}]}},"_links":{"self":[{"href":"https:\/\/bayeight.com\/es\/wp-json\/wp\/v2\/pages\/614703","targetHints":{"allow":["GET"]}}],"collection":[{"href":"https:\/\/bayeight.com\/es\/wp-json\/wp\/v2\/pages"}],"about":[{"href":"https:\/\/bayeight.com\/es\/wp-json\/wp\/v2\/types\/page"}],"author":[{"embeddable":true,"href":"https:\/\/bayeight.com\/es\/wp-json\/wp\/v2\/users\/24"}],"replies":[{"embeddable":true,"href":"https:\/\/bayeight.com\/es\/wp-json\/wp\/v2\/comments?post=614703"}],"version-history":[{"count":0,"href":"https:\/\/bayeight.com\/es\/wp-json\/wp\/v2\/pages\/614703\/revisions"}],"wp:attachment":[{"href":"https:\/\/bayeight.com\/es\/wp-json\/wp\/v2\/media?parent=614703"}],"curies":[{"name":"wp","href":"https:\/\/api.w.org\/{rel}","templated":true}]}}