{"id":614684,"date":"2022-08-30T14:03:17","date_gmt":"2022-08-30T18:03:17","guid":{"rendered":"https:\/\/bayeight.com\/gracias-su-consulta-ha-sido-enviada\/"},"modified":"2024-04-12T17:12:35","modified_gmt":"2024-04-12T21:12:35","slug":"gracias-su-consulta-ha-sido-enviada","status":"publish","type":"page","link":"https:\/\/bayeight.com\/es\/gracias-su-consulta-ha-sido-enviada\/","title":{"rendered":"Gracias, su consulta ha sido enviada"},"content":{"rendered":"<p>[et_pb_section fb_built=\u00bb1&#8243; custom_padding_last_edited=\u00bbon|phone\u00bb module_class=\u00bbhas-gradient top-to-bottom primary-black\u00bb _builder_version=\u00bb4.24.0&#8243; _module_preset=\u00bbdefault\u00bb background_image=\u00bbhttps:\/\/bayeight.com\/wp-content\/uploads\/2022\/08\/Untitled_1.39.3.jpg\u00bb min_height=\u00bb650px\u00bb min_height_tablet=\u00bb650px\u00bb min_height_phone=\u00bb500px\u00bb min_height_last_edited=\u00bbon|phone\u00bb custom_padding=\u00bb200px||60px||false|false\u00bb custom_padding_tablet=\u00bb250px||200px||false|false\u00bb custom_padding_phone=\u00bb200px||20px||false|false\u00bb global_colors_info=\u00bb{}\u00bb][et_pb_row _builder_version=\u00bb4.17.6&#8243; _module_preset=\u00bbdefault\u00bb width=\u00bb90%\u00bb max_width=\u00bb2560px\u00bb custom_padding=\u00bb||0px||false|false\u00bb global_colors_info=\u00bb{}\u00bb][et_pb_column type=\u00bb4_4&#8243; _builder_version=\u00bb4.16.0&#8243; _module_preset=\u00bbdefault\u00bb global_colors_info=\u00bb{}\u00bb][et_pb_text _builder_version=\u00bb4.24.0&#8243; _module_preset=\u00bbdefault\u00bb text_font=\u00bb|||on|||||\u00bb text_font_size=\u00bb25px\u00bb header_font=\u00bbIntegral CF &#8211; extra bold||||||||\u00bb header_font_size=\u00bb60px\u00bb text_orientation=\u00bbcenter\u00bb custom_margin=\u00bb0px||-1px||false|false\u00bb header_font_size_tablet=\u00bb61px\u00bb header_font_size_phone=\u00bb40px\u00bb header_font_size_last_edited=\u00bbon|phone\u00bb global_colors_info=\u00bb{}\u00bb]<\/p>\n<h1 class=\"white hdng1\">Gracias por<br \/>Su consulta<\/h1>\n<p>[\/et_pb_text][\/et_pb_column][\/et_pb_row][\/et_pb_section][et_pb_section fb_built=\u00bb1&#8243; _builder_version=\u00bb4.17.4&#8243; _module_preset=\u00bbdefault\u00bb background_color=\u00bb#ff1097&#8243; custom_margin=\u00bb0px||0px||true|false\u00bb custom_padding=\u00bb0px||0px||true|false\u00bb global_colors_info=\u00bb{}\u00bb][et_pb_row _builder_version=\u00bb4.17.6&#8243; _module_preset=\u00bbdefault\u00bb width=\u00bb100%\u00bb custom_margin=\u00bb|auto||auto|true|false\u00bb custom_padding=\u00bb12px||12px||true|false\u00bb global_colors_info=\u00bb{}\u00bb][et_pb_column type=\u00bb4_4&#8243; _builder_version=\u00bb4.16.0&#8243; _module_preset=\u00bbdefault\u00bb global_colors_info=\u00bb{}\u00bb][et_pb_text _builder_version=\u00bb4.17.6&#8243; _module_preset=\u00bbdefault\u00bb text_font=\u00bb||||||||\u00bb text_font_size=\u00bb8px\u00bb header_font=\u00bbIntegral CF &#8211; extra bold||||||||\u00bb header_text_color=\u00bb#FFFFFF\u00bb header_font_size=\u00bb33px\u00bb text_orientation=\u00bbcenter\u00bb custom_margin=\u00bb||||true|false\u00bb custom_padding=\u00bb||||false|false\u00bb global_colors_info=\u00bb{}\u00bb]<\/p>\n<h2 class=\"white hdng5\">Uno de nuestros empleados se pondr\u00e1 en contacto con usted en breve.<\/h2>\n<p>[\/et_pb_text][\/et_pb_column][\/et_pb_row][\/et_pb_section][et_pb_section fb_built=\u00bb1&#8243; custom_padding_last_edited=\u00bbon|phone\u00bb _builder_version=\u00bb4.17.6&#8243; _module_preset=\u00bbdefault\u00bb background_color=\u00bbRGBA(255,255,255,0)\u00bb background_image=\u00bbhttps:\/\/bayeight.com\/wp-content\/uploads\/2022\/04\/contact-form-bg.png\u00bb custom_margin=\u00bb||||true|false\u00bb custom_margin_last_edited=\u00bboff|phone\u00bb custom_padding=\u00bb60px||60px||true|false\u00bb custom_padding_tablet=\u00bb40px||40px||true|true\u00bb custom_padding_phone=\u00bb20px||20px||true|true\u00bb saved_tabs=\u00bball\u00bb global_colors_info=\u00bb{}\u00bb][et_pb_row _builder_version=\u00bb4.17.6&#8243; _module_preset=\u00bbdefault\u00bb width_phone=\u00bb80%\u00bb width_last_edited=\u00bboff|tablet\u00bb custom_margin=\u00bb||||true|false\u00bb custom_padding=\u00bb||||true|false\u00bb global_colors_info=\u00bb{}\u00bb][et_pb_column type=\u00bb4_4&#8243; _builder_version=\u00bb4.16.0&#8243; _module_preset=\u00bbdefault\u00bb global_colors_info=\u00bb{}\u00bb][et_pb_text _builder_version=\u00bb4.24.2&#8243; _module_preset=\u00bbdefault\u00bb text_font=\u00bb||||||||\u00bb text_text_color=\u00bb#000000&#8243; text_font_size=\u00bb8px\u00bb text_line_height=\u00bb1em\u00bb link_text_color=\u00bbgcid-20c734ca-1d73-456f-ad47-a425afc4f43e\u00bb header_font=\u00bbIntegral CF &#8211; extra bold||||||||\u00bb header_text_color=\u00bb#000000&#8243; header_font_size=\u00bb38px\u00bb header_2_font=\u00bbIntegral CF &#8211; extra bold||||||||\u00bb header_2_font_size=\u00bb38px\u00bb text_orientation=\u00bbcenter\u00bb min_height=\u00bb41px\u00bb custom_margin=\u00bb||||false|false\u00bb custom_padding=\u00bb||||false|false\u00bb global_colors_info=\u00bb{%22gcid-20c734ca-1d73-456f-ad47-a425afc4f43e%22:%91%22link_text_color%22%93}\u00bb]<\/p>\n<h2 class=\"black hdng4\">Si desea hablar con alguien de inmediato, ll\u00e1menos al <a href=\"tel:+1-305-705-2405\">(305) 705-2405<\/a>.<\/h2>\n<p>[\/et_pb_text][\/et_pb_column][\/et_pb_row][et_pb_row _builder_version=\u00bb4.17.6&#8243; _module_preset=\u00bbdefault\u00bb width=\u00bb60%\u00bb width_tablet=\u00bb70%\u00bb width_phone=\u00bb80%\u00bb width_last_edited=\u00bbon|desktop\u00bb custom_padding=\u00bb0px||||false|false\u00bb global_colors_info=\u00bb{}\u00bb][et_pb_column type=\u00bb4_4&#8243; _builder_version=\u00bb4.17.6&#8243; _module_preset=\u00bbdefault\u00bb global_colors_info=\u00bb{}\u00bb][et_pb_text _builder_version=\u00bb4.18.0&#8243; _module_preset=\u00bbdefault\u00bb text_font=\u00bbPoppins|700|||||||\u00bb text_text_color=\u00bb#5e5e5e\u00bb text_font_size=\u00bb16px\u00bb module_alignment=\u00bbcenter\u00bb custom_margin=\u00bb||||false|false\u00bb custom_padding=\u00bb||||false|false\u00bb global_colors_info=\u00bb{}\u00bb]<\/p>\n<p style=\"text-align: center;\">Si tienes un iPhone, tambi\u00e9n puedes enviarnos un mensaje de texto por IMessage a info@bayeight.com.<\/p>\n<p>[\/et_pb_text][\/et_pb_column][\/et_pb_row][\/et_pb_section][et_pb_section fb_built=\u00bb1&#8243; _builder_version=\u00bb4.17.4&#8243; _module_preset=\u00bbdefault\u00bb background_color=\u00bb#FFFFFF\u00bb background_enable_image=\u00bboff\u00bb custom_margin=\u00bb||||true|false\u00bb custom_padding=\u00bb0px||0px||true|false\u00bb global_module=\u00bb599420&#8243; saved_tabs=\u00bball\u00bb global_colors_info=\u00bb{}\u00bb][et_pb_row column_structure=\u00bb2_5,3_5&#8243; use_custom_gutter=\u00bbon\u00bb gutter_width=\u00bb1&#8243; module_class=\u00bbstd-ct-rw\u00bb _builder_version=\u00bb4.17.4&#8243; _module_preset=\u00bbdefault\u00bb background_color=\u00bb#000000&#8243; width=\u00bb100%\u00bb max_width=\u00bb100%\u00bb custom_padding=\u00bb0px||0px||true|false\u00bb locked=\u00bboff\u00bb global_colors_info=\u00bb{}\u00bb][et_pb_column type=\u00bb2_5&#8243; module_class=\u00bbstd-ct-clmn\u00bb _builder_version=\u00bb4.17.4&#8243; _module_preset=\u00bbdefault\u00bb custom_padding=\u00bb||||true|true\u00bb custom_padding_phone=\u00bb10%|10%|10%|10%|true|true\u00bb custom_padding_last_edited=\u00bboff|desktop\u00bb global_colors_info=\u00bb{}\u00bb][et_pb_text module_class=\u00bbstd-ct-mdl\u00bb _builder_version=\u00bb4.18.0&#8243; _module_preset=\u00bbdefault\u00bb header_2_font=\u00bbIntegral CF &#8211; extra bold||||||||\u00bb header_2_text_align=\u00bbleft\u00bb header_2_text_color=\u00bb#FFFFFF\u00bb header_2_font_size=\u00bb44px\u00bb custom_padding=\u00bb|20%||20%|false|true\u00bb custom_padding_tablet=\u00bb||||true|false\u00bb custom_padding_phone=\u00bb||||false|false\u00bb custom_padding_last_edited=\u00bbon|phone\u00bb global_colors_info=\u00bb{}\u00bb]<\/p>\n<h2 class=\"white hdng3\">CIUDAD DE LOS ESTUDIOS<\/h2>\n<p class=\"small_font white\">Si busca r\u00e1pidamente el mejor estudio de grabaci\u00f3n de Miami, encontrar\u00e1 Bay Eight en el coraz\u00f3n de la hist\u00f3rica \u00abStudio City\u00bb de Miami, rodeado de los mejores restaurantes, bares y hoteles del mundo. Descubra el secreto mejor guardado de Miami.<\/p>\n<p>[\/et_pb_text][\/et_pb_column][et_pb_column type=\u00bb3_5&#8243; _builder_version=\u00bb4.17.4&#8243; _module_preset=\u00bbdefault\u00bb custom_padding=\u00bb||||true|false\u00bb global_colors_info=\u00bb{}\u00bb][et_pb_text _builder_version=\u00bb4.17.4&#8243; _module_preset=\u00bbdefault\u00bb custom_margin=\u00bb-18px||||false|false\u00bb custom_margin_tablet=\u00bb-14px||||false|false\u00bb custom_margin_phone=\u00bb-13px||||false|false\u00bb custom_margin_last_edited=\u00bbon|phone\u00bb global_colors_info=\u00bb{}\u00bb]<\/p>\n<div id=\"wpgmza_map\" class=\"wpgmza_map\" data-settings='{\"id\":\"1\",\"map_title\":\"main\",\"map_width\":\"100\",\"map_height\":\"390\",\"map_start_lat\":\"25.917821600000014\",\"map_start_lng\":\"-80.1584918\",\"map_start_location\":\"45.950464398418106,-109.81550500000003\",\"map_start_zoom\":\"13\",\"default_marker\":\"\",\"type\":\"1\",\"alignment\":\"4\",\"directions_enabled\":\"0\",\"styling_enabled\":\"0\",\"styling_json\":\"\",\"active\":\"0\",\"kml\":\"\",\"bicycle\":\"0\",\"traffic\":\"0\",\"dbox\":\"0\",\"dbox_width\":\"\",\"listmarkers\":\"0\",\"listmarkers_advanced\":\"0\",\"filterbycat\":\"0\",\"ugm_enabled\":\"0\",\"ugm_category_enabled\":\"0\",\"fusion\":\"\",\"map_width_type\":\"%\",\"map_height_type\":\"px\",\"mass_marker_support\":\"0\",\"ugm_access\":\"0\",\"order_markers_by\":\"0\",\"order_markers_choice\":\"0\",\"show_user_location\":\"0\",\"default_to\":\"\",\"other_settings\":{\"map_type\":1,\"sl_stroke_color\":\"\",\"sl_fill_color\":\"\",\"sl_stroke_opacity\":\"\",\"sl_fill_opacity\":\"\",\"transport_layer\":false,\"action\":\"wpgmza_save_map\",\"redirect_to\":\"\\\/wp-admin\\\/admin-post.php\",\"map_id\":\"1\",\"http_referer\":\"\\\/wp-admin\\\/admin.php?page=wp-google-maps-menu&amp;amp;override=1&amp;amp;action=edit&amp;amp;map_id=1\",\"wpgmza_id\":\"1\",\"wpgmza_start_location\":\"25.917821600000014,-80.1584918\",\"wpgmza_start_zoom\":\"13\",\"store_locator_enabled\":false,\"store_locator_search_area\":\"radial\",\"wpgmza_store_locator_radius_style\":\"legacy\",\"wpgmza_store_locator_default_radius\":\"10\",\"store_locator_auto_area_max_zoom\":\"\",\"store_locator_distance\":false,\"wpgmza_store_locator_position\":false,\"store_locator_show_distance\":false,\"store_locator_category\":false,\"wpgmza_store_locator_use_their_location\":false,\"wpgmza_store_locator_bounce\":false,\"wpgmza_sl_animation\":null,\"wpgmza_store_locator_hide_before_search\":false,\"store_locator_query_string\":\"\",\"store_locator_default_address\":\"\",\"store_locator_name_search\":false,\"store_locator_name_string\":\"\",\"store_locator_not_found_message\":\"\",\"wpgmza_map_align\":\"1\",\"jump_to_nearest_marker_on_initialization\":false,\"automatically_pan_to_users_location\":false,\"override_users_location_zoom_level\":false,\"override_users_location_zoom_levels\":\"\",\"show_distance_from_location\":false,\"map_max_zoom\":\"21\",\"map_min_zoom\":\"0\",\"click_open_link\":false,\"fit_maps_bounds_to_markers\":false,\"fit_maps_bounds_to_markers_after_filtering\":false,\"hide_point_of_interest\":false,\"wpgmza_zoom_on_marker_click\":false,\"wpgmza_zoom_on_marker_click_slider\":\"\",\"close_infowindow_on_map_click\":false,\"disable_lightbox_images\":false,\"use_Raw_Jpeg_Coordinates\":false,\"disable_polygon_info_windows\":false,\"enable_marker_ratings\":false,\"only_load_markers_within_viewport\":false,\"iw_primary_color\":\"#000000\",\"iw_accent_color\":\"#000000\",\"iw_text_color\":\"#000000\",\"wpgmza_listmarkers_by\":\"0\",\"wpgmza_marker_listing_position\":false,\"zoom_level_on_marker_listing_override\":false,\"zoom_level_on_marker_listing_click\":\"\",\"datatable_no_result_message\":\"\",\"remove_search_box_datables\":false,\"dataTable_pagination_style\":null,\"datatable_search_string\":\"\",\"datatable_result_start\":\"\",\"datatable_result_of\":\"\",\"datatable_result_to\":\"\",\"datatable_result_total\":\"\",\"datatable_result_show\":\"\",\"datatable_result_entries\":\"\",\"wpgmza_savemap\":\"Save Map \\u00bb\",\"wpgmza_theme\":\"5\",\"wpgmza_theme_data\":\"[\\r\\n    {\\r\\n        \\\"featureType\\\": \\\"administrative\\\",\\r\\n        \\\"elementType\\\": \\\"labels.text.fill\\\",\\r\\n        \\\"stylers\\\": [\\r\\n            {\\r\\n                \\\"color\\\": \\\"#444444\\\"\\r\\n            }\\r\\n        ]\\r\\n    },\\r\\n    {\\r\\n        \\\"featureType\\\": \\\"landscape\\\",\\r\\n        \\\"elementType\\\": \\\"all\\\",\\r\\n        \\\"stylers\\\": [\\r\\n            {\\r\\n                \\\"color\\\": \\\"#000000\\\"\\r\\n            }\\r\\n        ]\\r\\n    },\\r\\n    {\\r\\n        \\\"featureType\\\": \\\"poi\\\",\\r\\n        \\\"elementType\\\": \\\"all\\\",\\r\\n        \\\"stylers\\\": [\\r\\n            {\\r\\n                \\\"visibility\\\": \\\"off\\\"\\r\\n            }\\r\\n        ]\\r\\n    },\\r\\n    {\\r\\n        \\\"featureType\\\": \\\"road\\\",\\r\\n        \\\"elementType\\\": \\\"all\\\",\\r\\n        \\\"stylers\\\": [\\r\\n            {\\r\\n                \\\"visibility\\\": \\\"on\\\"\\r\\n            }\\r\\n        ]\\r\\n    },\\r\\n    {\\r\\n        \\\"featureType\\\": \\\"road\\\",\\r\\n        \\\"elementType\\\": \\\"geometry.fill\\\",\\r\\n        \\\"stylers\\\": [\\r\\n            {\\r\\n                \\\"color\\\": \\\"#d74492\\\"\\r\\n            },\\r\\n            {\\r\\n                \\\"visibility\\\": \\\"on\\\"\\r\\n            }\\r\\n        ]\\r\\n    },\\r\\n    {\\r\\n        \\\"featureType\\\": \\\"road\\\",\\r\\n        \\\"elementType\\\": \\\"geometry.stroke\\\",\\r\\n        \\\"stylers\\\": [\\r\\n            {\\r\\n                \\\"color\\\": \\\"#d74492\\\"\\r\\n            },\\r\\n            {\\r\\n                \\\"visibility\\\": \\\"on\\\"\\r\\n            }\\r\\n        ]\\r\\n    },\\r\\n    {\\r\\n        \\\"featureType\\\": \\\"road\\\",\\r\\n        \\\"elementType\\\": \\\"labels.icon\\\",\\r\\n        \\\"stylers\\\": [\\r\\n            {\\r\\n                \\\"visibility\\\": \\\"on\\\"\\r\\n            }\\r\\n        ]\\r\\n    },\\r\\n    {\\r\\n        \\\"featureType\\\": \\\"road.highway\\\",\\r\\n        \\\"elementType\\\": \\\"all\\\",\\r\\n        \\\"stylers\\\": [\\r\\n            {\\r\\n                \\\"visibility\\\": \\\"simplified\\\"\\r\\n            }\\r\\n        ]\\r\\n    },\\r\\n    {\\r\\n        \\\"featureType\\\": \\\"road.arterial\\\",\\r\\n        \\\"elementType\\\": \\\"labels.icon\\\",\\r\\n        \\\"stylers\\\": [\\r\\n            {\\r\\n                \\\"visibility\\\": \\\"off\\\"\\r\\n            }\\r\\n        ]\\r\\n    },\\r\\n    {\\r\\n        \\\"featureType\\\": \\\"transit\\\",\\r\\n        \\\"elementType\\\": \\\"all\\\",\\r\\n        \\\"stylers\\\": [\\r\\n            {\\r\\n                \\\"visibility\\\": \\\"off\\\"\\r\\n            }\\r\\n        ]\\r\\n    },\\r\\n    {\\r\\n        \\\"featureType\\\": \\\"water\\\",\\r\\n        \\\"elementType\\\": \\\"all\\\",\\r\\n        \\\"stylers\\\": [\\r\\n            {\\r\\n                \\\"color\\\": \\\"#2c2c2c\\\"\\r\\n            },\\r\\n            {\\r\\n                \\\"visibility\\\": \\\"on\\\"\\r\\n            }\\r\\n        ]\\r\\n    }\\r\\n]\",\"polygon_labels\":false,\"wpgmza_push_in_map\":false,\"wpgmza_push_in_map_placement\":null,\"wpgmza_push_in_map_width\":\"\",\"wpgmza_push_in_map_height\":\"\",\"store_locator_location_placeholder\":\"\",\"marker_listing_disable_zoom\":false}}' data-map-id='1' Data-maps-engine='google-maps' data-shortcode-attributes='{\"id\":\"1\"}' style=\"display:block; overflow:auto; width:100%; height:390px; float:left;\"><\/div>\n<p>[\/et_pb_text][\/et_pb_column][\/et_pb_row][\/et_pb_section]<\/p>\n","protected":false},"excerpt":{"rendered":"<p>Gracias porSu consultaUno de nuestros empleados se pondr\u00e1 en contacto con usted en breve.Si desea hablar con alguien de inmediato, ll\u00e1menos al (305) 705-2405.Si tienes un iPhone, tambi\u00e9n puedes enviarnos [&hellip;]<\/p>\n","protected":false},"author":1,"featured_media":0,"parent":0,"menu_order":0,"comment_status":"closed","ping_status":"closed","template":"","meta":{"_acf_changed":false,"_et_pb_use_builder":"on","_et_pb_old_content":"","_et_gb_content_width":"","content-type":"","footnotes":""},"class_list":["post-614684","page","type-page","status-publish","hentry"],"acf":[],"yoast_head":"<!-- This site is optimized with the Yoast SEO Premium plugin v27.3 (Yoast SEO v27.3) - https:\/\/yoast.com\/product\/yoast-seo-premium-wordpress\/ -->\n<title>Gracias, su consulta ha sido enviada | Estudios de Grabaci\u00f3n Bay Eight Miami<\/title>\n<meta name=\"robots\" content=\"noindex, follow\" \/>\n<meta property=\"og:locale\" content=\"es_ES\" \/>\n<meta property=\"og:type\" content=\"article\" \/>\n<meta property=\"og:title\" content=\"Gracias, su consulta ha sido enviada\" \/>\n<meta property=\"og:description\" content=\"Gracias porSu consultaUno de nuestros empleados se pondr\u00e1 en contacto con usted en breve.Si desea hablar con alguien de inmediato, ll\u00e1menos al (305) 705-2405.Si tienes un iPhone, tambi\u00e9n puedes enviarnos [&hellip;]\" \/>\n<meta property=\"og:site_name\" content=\"Estudios de Grabaci\u00f3n Bay Eight Miami\" \/>\n<meta property=\"article:publisher\" content=\"https:\/\/www.facebook.com\/bayeight\" \/>\n<meta property=\"article:modified_time\" content=\"2024-04-12T21:12:35+00:00\" \/>\n<meta name=\"twitter:card\" content=\"summary_large_image\" \/>\n<meta name=\"twitter:site\" content=\"@bayeightmia\" \/>\n<meta name=\"twitter:label1\" content=\"Tiempo de lectura\" \/>\n\t<meta name=\"twitter:data1\" content=\"4 minutos\" \/>\n<script type=\"application\/ld+json\" class=\"yoast-schema-graph\">{\"@context\":\"https:\\\/\\\/schema.org\",\"@graph\":[{\"@type\":\"WebPage\",\"@id\":\"https:\\\/\\\/bayeight.com\\\/es\\\/gracias-su-consulta-ha-sido-enviada\\\/\",\"url\":\"https:\\\/\\\/bayeight.com\\\/es\\\/gracias-su-consulta-ha-sido-enviada\\\/\",\"name\":\"Gracias, su consulta ha sido enviada | Estudios de Grabaci\u00f3n Bay Eight Miami\",\"isPartOf\":{\"@id\":\"https:\\\/\\\/bayeight.com\\\/es\\\/#website\"},\"datePublished\":\"2022-08-30T18:03:17+00:00\",\"dateModified\":\"2024-04-12T21:12:35+00:00\",\"breadcrumb\":{\"@id\":\"https:\\\/\\\/bayeight.com\\\/es\\\/gracias-su-consulta-ha-sido-enviada\\\/#breadcrumb\"},\"inLanguage\":\"es\",\"potentialAction\":[{\"@type\":\"ReadAction\",\"target\":[\"https:\\\/\\\/bayeight.com\\\/es\\\/gracias-su-consulta-ha-sido-enviada\\\/\"]}]},{\"@type\":\"BreadcrumbList\",\"@id\":\"https:\\\/\\\/bayeight.com\\\/es\\\/gracias-su-consulta-ha-sido-enviada\\\/#breadcrumb\",\"itemListElement\":[{\"@type\":\"ListItem\",\"position\":1,\"name\":\"Inicio\",\"item\":\"https:\\\/\\\/bayeight.com\\\/es\\\/el-estudio-de-grabacion-mas-emblematico-de-miami-3\\\/\"},{\"@type\":\"ListItem\",\"position\":2,\"name\":\"Gracias, su consulta ha sido enviada\"}]},{\"@type\":\"WebSite\",\"@id\":\"https:\\\/\\\/bayeight.com\\\/es\\\/#website\",\"url\":\"https:\\\/\\\/bayeight.com\\\/es\\\/\",\"name\":\"Bay Eight Recording Studios Miami\",\"description\":\"El Ic\u00f3nico Estudio de Grabaci\u00f3n de Miami\",\"publisher\":{\"@id\":\"https:\\\/\\\/bayeight.com\\\/es\\\/#organization\"},\"potentialAction\":[{\"@type\":\"SearchAction\",\"target\":{\"@type\":\"EntryPoint\",\"urlTemplate\":\"https:\\\/\\\/bayeight.com\\\/es\\\/?s={search_term_string}\"},\"query-input\":{\"@type\":\"PropertyValueSpecification\",\"valueRequired\":true,\"valueName\":\"search_term_string\"}}],\"inLanguage\":\"es\"},{\"@type\":[\"Organization\",\"Place\"],\"@id\":\"https:\\\/\\\/bayeight.com\\\/es\\\/#organization\",\"name\":\"Bay Eight Recording Studios\",\"alternateName\":\"Bay Eight Studios\",\"url\":\"https:\\\/\\\/bayeight.com\\\/es\\\/\",\"logo\":{\"@id\":\"https:\\\/\\\/bayeight.com\\\/es\\\/gracias-su-consulta-ha-sido-enviada\\\/#local-main-organization-logo\"},\"image\":{\"@id\":\"https:\\\/\\\/bayeight.com\\\/es\\\/gracias-su-consulta-ha-sido-enviada\\\/#local-main-organization-logo\"},\"sameAs\":[\"https:\\\/\\\/www.facebook.com\\\/bayeight\",\"https:\\\/\\\/x.com\\\/bayeightmia\",\"https:\\\/\\\/www.instagram.com\\\/bayeight\",\"https:\\\/\\\/www.tiktok.com\\\/bayeightstudios\"],\"telephone\":[],\"openingHoursSpecification\":{\"@type\":\"OpeningHoursSpecification\",\"dayOfWeek\":[\"Monday\",\"Tuesday\",\"Wednesday\",\"Thursday\",\"Friday\",\"Saturday\",\"Sunday\"],\"opens\":\"00:00\",\"closes\":\"23:59\"}},{\"@type\":\"ImageObject\",\"inLanguage\":\"es\",\"@id\":\"https:\\\/\\\/bayeight.com\\\/es\\\/gracias-su-consulta-ha-sido-enviada\\\/#local-main-organization-logo\",\"url\":\"https:\\\/\\\/bayeight.com\\\/wp-content\\\/uploads\\\/2022\\\/05\\\/DSC01643_1.jpg\",\"contentUrl\":\"https:\\\/\\\/bayeight.com\\\/wp-content\\\/uploads\\\/2022\\\/05\\\/DSC01643_1.jpg\",\"width\":2768,\"height\":1848,\"caption\":\"Bay Eight Recording Studios\"}]}<\/script>\n<!-- \/ Yoast SEO Premium plugin. -->","yoast_head_json":{"title":"Gracias, su consulta ha sido enviada | Estudios de Grabaci\u00f3n Bay Eight Miami","robots":{"index":"noindex","follow":"follow"},"og_locale":"es_ES","og_type":"article","og_title":"Gracias, su consulta ha sido enviada","og_description":"Gracias porSu consultaUno de nuestros empleados se pondr\u00e1 en contacto con usted en breve.Si desea hablar con alguien de inmediato, ll\u00e1menos al (305) 705-2405.Si tienes un iPhone, tambi\u00e9n puedes enviarnos [&hellip;]","og_site_name":"Estudios de Grabaci\u00f3n Bay Eight Miami","article_publisher":"https:\/\/www.facebook.com\/bayeight","article_modified_time":"2024-04-12T21:12:35+00:00","twitter_card":"summary_large_image","twitter_site":"@bayeightmia","twitter_misc":{"Tiempo de lectura":"4 minutos"},"schema":{"@context":"https:\/\/schema.org","@graph":[{"@type":"WebPage","@id":"https:\/\/bayeight.com\/es\/gracias-su-consulta-ha-sido-enviada\/","url":"https:\/\/bayeight.com\/es\/gracias-su-consulta-ha-sido-enviada\/","name":"Gracias, su consulta ha sido enviada | Estudios de Grabaci\u00f3n Bay Eight Miami","isPartOf":{"@id":"https:\/\/bayeight.com\/es\/#website"},"datePublished":"2022-08-30T18:03:17+00:00","dateModified":"2024-04-12T21:12:35+00:00","breadcrumb":{"@id":"https:\/\/bayeight.com\/es\/gracias-su-consulta-ha-sido-enviada\/#breadcrumb"},"inLanguage":"es","potentialAction":[{"@type":"ReadAction","target":["https:\/\/bayeight.com\/es\/gracias-su-consulta-ha-sido-enviada\/"]}]},{"@type":"BreadcrumbList","@id":"https:\/\/bayeight.com\/es\/gracias-su-consulta-ha-sido-enviada\/#breadcrumb","itemListElement":[{"@type":"ListItem","position":1,"name":"Inicio","item":"https:\/\/bayeight.com\/es\/el-estudio-de-grabacion-mas-emblematico-de-miami-3\/"},{"@type":"ListItem","position":2,"name":"Gracias, su consulta ha sido enviada"}]},{"@type":"WebSite","@id":"https:\/\/bayeight.com\/es\/#website","url":"https:\/\/bayeight.com\/es\/","name":"Bay Eight Recording Studios Miami","description":"El Ic\u00f3nico Estudio de Grabaci\u00f3n de Miami","publisher":{"@id":"https:\/\/bayeight.com\/es\/#organization"},"potentialAction":[{"@type":"SearchAction","target":{"@type":"EntryPoint","urlTemplate":"https:\/\/bayeight.com\/es\/?s={search_term_string}"},"query-input":{"@type":"PropertyValueSpecification","valueRequired":true,"valueName":"search_term_string"}}],"inLanguage":"es"},{"@type":["Organization","Place"],"@id":"https:\/\/bayeight.com\/es\/#organization","name":"Bay Eight Recording Studios","alternateName":"Bay Eight Studios","url":"https:\/\/bayeight.com\/es\/","logo":{"@id":"https:\/\/bayeight.com\/es\/gracias-su-consulta-ha-sido-enviada\/#local-main-organization-logo"},"image":{"@id":"https:\/\/bayeight.com\/es\/gracias-su-consulta-ha-sido-enviada\/#local-main-organization-logo"},"sameAs":["https:\/\/www.facebook.com\/bayeight","https:\/\/x.com\/bayeightmia","https:\/\/www.instagram.com\/bayeight","https:\/\/www.tiktok.com\/bayeightstudios"],"telephone":[],"openingHoursSpecification":{"@type":"OpeningHoursSpecification","dayOfWeek":["Monday","Tuesday","Wednesday","Thursday","Friday","Saturday","Sunday"],"opens":"00:00","closes":"23:59"}},{"@type":"ImageObject","inLanguage":"es","@id":"https:\/\/bayeight.com\/es\/gracias-su-consulta-ha-sido-enviada\/#local-main-organization-logo","url":"https:\/\/bayeight.com\/wp-content\/uploads\/2022\/05\/DSC01643_1.jpg","contentUrl":"https:\/\/bayeight.com\/wp-content\/uploads\/2022\/05\/DSC01643_1.jpg","width":2768,"height":1848,"caption":"Bay Eight Recording Studios"}]}},"_links":{"self":[{"href":"https:\/\/bayeight.com\/es\/wp-json\/wp\/v2\/pages\/614684","targetHints":{"allow":["GET"]}}],"collection":[{"href":"https:\/\/bayeight.com\/es\/wp-json\/wp\/v2\/pages"}],"about":[{"href":"https:\/\/bayeight.com\/es\/wp-json\/wp\/v2\/types\/page"}],"author":[{"embeddable":true,"href":"https:\/\/bayeight.com\/es\/wp-json\/wp\/v2\/users\/1"}],"replies":[{"embeddable":true,"href":"https:\/\/bayeight.com\/es\/wp-json\/wp\/v2\/comments?post=614684"}],"version-history":[{"count":0,"href":"https:\/\/bayeight.com\/es\/wp-json\/wp\/v2\/pages\/614684\/revisions"}],"wp:attachment":[{"href":"https:\/\/bayeight.com\/es\/wp-json\/wp\/v2\/media?parent=614684"}],"curies":[{"name":"wp","href":"https:\/\/api.w.org\/{rel}","templated":true}]}}